{"id":3759,"date":"2016-02-01T22:03:51","date_gmt":"2016-02-01T21:03:51","guid":{"rendered":"https:\/\/www.chackenberger.de\/impronta\/"},"modified":"2022-02-04T20:24:57","modified_gmt":"2022-02-04T19:24:57","slug":"impronta","status":"publish","type":"page","link":"https:\/\/www.chackenberger.de\/it\/impronta\/","title":{"rendered":"impronta"},"content":{"rendered":"\t\t<div data-elementor-type=\"wp-page\" data-elementor-id=\"3759\" class=\"elementor elementor-3759 elementor-12\" data-elementor-post-type=\"page\">\n\t\t\t\t\t\t<section class=\"elementor-section elementor-top-section elementor-element elementor-element-52ab1ac9 elementor-section-boxed elementor-section-height-default elementor-section-height-default\" data-id=\"52ab1ac9\" data-element_type=\"section\" data-e-type=\"section\">\n\t\t\t\t\t\t<div class=\"elementor-container elementor-column-gap-default\">\n\t\t\t\t\t<div class=\"elementor-column elementor-col-100 elementor-top-column elementor-element elementor-element-29840038\" data-id=\"29840038\" data-element_type=\"column\" data-e-type=\"column\">\n\t\t\t<div class=\"elementor-widget-wrap elementor-element-populated\">\n\t\t\t\t\t\t<div class=\"elementor-element elementor-element-64ec19d elementor-widget elementor-widget-heading\" data-id=\"64ec19d\" data-element_type=\"widget\" data-e-type=\"widget\" data-widget_type=\"heading.default\">\n\t\t\t\t<div class=\"elementor-widget-container\">\n\t\t\t\t\t<h1 class=\"elementor-heading-title elementor-size-default\">impronta<\/h1>\t\t\t\t<\/div>\n\t\t\t\t<\/div>\n\t\t\t\t<div class=\"elementor-element elementor-element-7767d7ee elementor-widget elementor-widget-text-editor\" data-id=\"7767d7ee\" data-element_type=\"widget\" data-e-type=\"widget\" data-widget_type=\"text-editor.default\">\n\t\t\t\t<div class=\"elementor-widget-container\">\n\t\t\t\t\t\t\t\t\t<h3>Secondo \u00a7 5 TMG:<\/h3>\n<p>Claudia Hackenberger<br \/>Partner commerciale autonomo della Reico<br \/>Am Graben 1d<br \/>86925 Fuchstal<\/p>\n<h2>Contatto:<\/h2>\n<table>\n<tbody>\n<tr>\n<td>Telefono:<\/td>\n<td>+49 8243 309 3066<\/td>\n<\/tr>\n<tr>\n<td>E-mail:<\/td>\n<td>impressum@chackenberger.de<\/td>\n<\/tr>\n<\/tbody>\n<\/table>\n<h2>Codice Fiscale:<\/h2>\n<p>Numero di identificazione dell&#8217;imposta sulle vendite ai sensi del \u00a727 a legge sull&#8217;imposta sulle vendite: DE 289793404<\/p>\n<h2>Responsabile del contenuto ai sensi del \u00a7 55 Abs. 2 RStV:<\/h2>\n<p>Alexander Hackenberg<\/p>\n<h2>Riferimento alla risoluzione delle controversie dell&#8217;UE<\/h2>\n<p>La Commissione Europea fornisce una piattaforma per la risoluzione delle controversie online (OS): <a href=\"http:\/\/ec.europa.eu\/consumers\/odr\">http:\/\/ec.europa.eu\/consumers\/odr<\/a> Il nostro indirizzo e-mail si trova sopra nell&#8217;impronta.<\/p>\n<h2>Disclaimer<\/h2>\n<p><strong>Responsabilit\u00e0 per il contenuto<\/strong><\/p>\n<p>Come fornitore di servizi siamo secondo \u00a7 7 Abs.1 TMG \u00e8 responsabile dei propri contenuti su queste pagine secondo le leggi generali. Ai sensi dei \u00a7\u00a7 da 8 a 10 TMG, tuttavia, noi come fornitori di servizi non siamo obbligati a monitorare le informazioni di terze parti trasmesse o memorizzate o a indagare su circostanze che indicano attivit\u00e0 illegali. Gli obblighi di rimuovere o bloccare l&#8217;uso delle informazioni secondo le leggi generali rimangono inalterati. Tuttavia, la responsabilit\u00e0 al riguardo \u00e8 possibile solo dal momento in cui \u00e8 nota la conoscenza di una specifica violazione della legge. Non appena veniamo a conoscenza di eventuali violazioni della legge, rimuoveremo immediatamente questo contenuto.<\/p>\n<p><strong>Responsabilit\u00e0 per link<\/strong><\/p>\n<p>La nostra offerta contiene collegamenti a siti Web di terzi esterni, sui cui contenuti non abbiamo alcuna influenza. Pertanto non possiamo assumerci alcuna responsabilit\u00e0 per questo contenuto esterno. Il rispettivo fornitore o gestore delle pagine \u00e8 sempre responsabile del contenuto delle pagine collegate. Le pagine collegate sono state controllate per possibili violazioni legali al momento del collegamento. Il contenuto illegale non era riconoscibile al momento del collegamento. Tuttavia, un controllo permanente del contenuto delle pagine collegate non \u00e8 ragionevole senza prove concrete di una violazione. Non appena veniamo a conoscenza di violazioni legali, rimuoveremo immediatamente tali collegamenti.<\/p>\n<p><strong>diritto d&#8217;autore<\/strong><\/p>\n<p>Il contenuto e le opere di queste pagine create dagli operatori del sito sono soggetti alla legge tedesca sul diritto d&#8217;autore. La duplicazione, la modifica, la distribuzione e qualsiasi tipo di sfruttamento al di fuori dei limiti del diritto d&#8217;autore richiedono il consenso scritto del rispettivo autore o creatore. Download e copie di questo sito sono consentiti solo per uso privato e non commerciale. Nella misura in cui il contenuto di questo sito non \u00e8 stato creato dal gestore, vengono rispettati i diritti d&#8217;autore di terzi. In particolare i contenuti di terzi sono contrassegnati come tali. Qualora doveste comunque venire a conoscenza di una violazione del diritto d&#8217;autore, vi chiediamo di informarci di conseguenza. Non appena veniamo a conoscenza di violazioni legali, rimuoveremo immediatamente tali contenuti.<\/p>\n\t\t\t\t\t\t\t\t<\/div>\n\t\t\t\t<\/div>\n\t\t\t\t\t<\/div>\n\t\t<\/div>\n\t\t\t\t\t<\/div>\n\t\t<\/section>\n\t\t\t\t<\/div>\n\t\t","protected":false},"excerpt":{"rendered":"<p>impronta Secondo \u00a7 5 TMG: Claudia HackenbergerPartner commerciale autonomo della ReicoAm Graben 1d86925 Fuchstal Contatto: Telefono: +49 8243 309 3066 E-mail: impressum@chackenberger.de Codice Fiscale: Numero di identificazione dell&#8217;imposta sulle vendite ai sensi del \u00a727 a legge sull&#8217;imposta sulle vendite: DE 289793404 Responsabile del contenuto ai sensi del \u00a7 55 Abs. 2 RStV: Alexander Hackenberg Riferimento [&hellip;]<\/p>\n","protected":false},"author":2,"featured_media":0,"parent":0,"menu_order":0,"comment_status":"closed","ping_status":"closed","template":"","meta":{"footnotes":""},"class_list":["post-3759","page","type-page","status-publish","hentry"],"_links":{"self":[{"href":"https:\/\/www.chackenberger.de\/it\/wp-json\/wp\/v2\/pages\/3759","targetHints":{"allow":["GET"]}}],"collection":[{"href":"https:\/\/www.chackenberger.de\/it\/wp-json\/wp\/v2\/pages"}],"about":[{"href":"https:\/\/www.chackenberger.de\/it\/wp-json\/wp\/v2\/types\/page"}],"author":[{"embeddable":true,"href":"https:\/\/www.chackenberger.de\/it\/wp-json\/wp\/v2\/users\/2"}],"replies":[{"embeddable":true,"href":"https:\/\/www.chackenberger.de\/it\/wp-json\/wp\/v2\/comments?post=3759"}],"version-history":[{"count":5,"href":"https:\/\/www.chackenberger.de\/it\/wp-json\/wp\/v2\/pages\/3759\/revisions"}],"predecessor-version":[{"id":4475,"href":"https:\/\/www.chackenberger.de\/it\/wp-json\/wp\/v2\/pages\/3759\/revisions\/4475"}],"wp:attachment":[{"href":"https:\/\/www.chackenberger.de\/it\/wp-json\/wp\/v2\/media?parent=3759"}],"curies":[{"name":"wp","href":"https:\/\/api.w.org\/{rel}","templated":true}]}}