{"id":3725,"date":"2016-02-01T21:59:51","date_gmt":"2016-02-01T20:59:51","guid":{"rendered":"https:\/\/www.chackenberger.de\/su-di-me\/"},"modified":"2022-02-03T18:26:17","modified_gmt":"2022-02-03T17:26:17","slug":"su-di-me","status":"publish","type":"page","link":"https:\/\/www.chackenberger.de\/it\/su-di-me\/","title":{"rendered":"Su di me"},"content":{"rendered":"\t\t<div data-elementor-type=\"wp-page\" data-elementor-id=\"3725\" class=\"elementor elementor-3725 elementor-5\" data-elementor-post-type=\"page\">\n\t\t\t\t\t\t<section class=\"elementor-section elementor-top-section elementor-element elementor-element-2a06823f elementor-section-boxed elementor-section-height-default elementor-section-height-default\" data-id=\"2a06823f\" data-element_type=\"section\" data-e-type=\"section\">\n\t\t\t\t\t\t<div class=\"elementor-container elementor-column-gap-default\">\n\t\t\t\t\t<div class=\"elementor-column elementor-col-100 elementor-top-column elementor-element elementor-element-36939273\" data-id=\"36939273\" data-element_type=\"column\" data-e-type=\"column\">\n\t\t\t<div class=\"elementor-widget-wrap elementor-element-populated\">\n\t\t\t\t\t\t<div class=\"elementor-element elementor-element-2442ddd5 elementor-widget elementor-widget-text-editor\" data-id=\"2442ddd5\" data-element_type=\"widget\" data-e-type=\"widget\" data-widget_type=\"text-editor.default\">\n\t\t\t\t<div class=\"elementor-widget-container\">\n\t\t\t\t\t\t\t\t\t<h1 style=\"text-align: center;\">Caldo benvenuto<\/h1>\n<p><strong>Caro visitatore, piacere di darti il benvenuto sul mio sito web. Sono un grande amante della natura, i miei grandi hobby sono la mia famiglia, le Alpi e il nostro golden retriever Cory.<\/strong><\/p>\n<h2>Come sono arrivato a Reico<\/h2>\n<p>Attraverso il nostro Golden Retriever Cory, si dice che la razza abbia sempre fame e mangi di tutto. Ma non il nostro Cory: era esigente e anche se all&#8217;inizio ho prestato molta attenzione a un&#8217;alimentazione equilibrata, come mi consentiva la mia conoscenza, \u00e8 stato solo un disastro. Dopo ogni sacco di marche diverse che comprava, si rifiutava di mangiarmi.<\/p>\n<p>Penso a me stesso, se hai esperienza con i gatti, ti ritroverai di nuovo, ad un certo punto ho appena comprato del cibo &#8211; la cosa principale \u00e8 che mangia.<\/p>\n<p>Quindi sono stato molto aperto e non contrario quando un giorno (Cory aveva gi\u00e0 3 anni) sono stato avvicinato da un consulente Reico per un pasto di prova con un consiglio. In quel momento io\/noi (c&#8217;era anche mio marito) ci siamo davvero resi conto di cosa ha a che fare il cibo con l&#8217;alimentazione. E come pu\u00f2 essere diverso il cibo.<\/p>\n<p>Quando abbiamo visto il cibo umido di Reico e l&#8217;abbiamo annusato, abbiamo immediatamente notato un&#8217;enorme differenza rispetto al nostro cibo e fino ad allora non ci siamo davvero preoccupati delle quantit\u00e0 giornaliere raccomandate di cibo.<\/p>\n<p>Cory ha mangiato il cibo con piacere, anche il cibo secco e la cosa migliore \u00e8 stata &#8211; anche settimane dopo nel frattempo anche dopo anni \u00e8 un fan di Reico.<\/p>\n<p><img fetchpriority=\"high\" decoding=\"async\" title=\"maxivit-schonkost-lamm\" src=\"https:\/\/www.chackenberger.de\/wp-content\/uploads\/maxivit-schonkost-lamm-e1636283122398.png\" alt=\"Maxidogvit Schonkost Lamm\" width=\"533\" height=\"435\" data-id=\"2004\" data-init-width=\"1180\" data-init-height=\"963\" data-width=\"533\" data-height=\"435\"><\/p>\n<p>Reico ci aveva convinto ed era particolarmente importante per me aiutare altri proprietari di cani a trovare la giusta alimentazione per il loro cane, quindi ho iniziato con Reico come lavoro part-time.<\/p>\n<p>Naturalmente, Reico \u00e8 molto pi\u00f9 di un semplice cibo, perch\u00e9 hai anche meravigliose miscele di erbe. Quindi non abbiamo pi\u00f9 bisogno di sverminare Cory chimicamente, ma utilizzare invece l&#8217;opzione naturale per evitare di disturbare la flora intestinale. Nel mezzo c&#8217;\u00e8 ancora il supporto per le articolazioni, quindi \u00e8 ancora in forma oggi all&#8217;et\u00e0 di 13 anni.<\/p>\n<p><img decoding=\"async\" title=\"Cory-Golden-Retriever\" src=\"https:\/\/www.chackenberger.de\/wp-content\/uploads\/Cory-Golden-Retriever.jpg\" alt=\"Cory unser Golden Retriever\" width=\"1080\" height=\"607\" data-id=\"2003\" data-init-width=\"2365\" data-init-height=\"1330\" data-width=\"1080\" data-height=\"607\"><\/p>\n<p>Nel frattempo, sono un&#8217;entusiasta <strong>partner di vendita Reico<\/strong> che ha trasformato il suo lavoro part-time in un lavoro principale. Il bello \u00e8 che posso integrarlo al meglio con la mia famiglia, perch\u00e9 organizzo il mio orario di lavoro, le vacanze, ecc. Non devo pi\u00f9 discutere di nulla con il mio capo, perch\u00e9 sono il capo di me stesso.<\/p>\n<p>PS: Sar\u00f2 molto felice di ricevere un Like sulla mia pagina Facebook &gt;&#8211;  <a style=\"outline: none;\" href=\"https:\/\/www.facebook.com\/chackenberger\" target=\"_blank\" rel=\"nofollow noopener\">Mi piace<\/a><\/p>\n<h2 style=\"text-align: center;\">Che ne dici di te, se puoi assicurarti che cani e gatti siano nutriti meglio e in modo pi\u00f9 sano con il tuo lavoro &#8211; scopri di pi\u00f9 qui<\/h2>\n\t\t\t\t\t\t\t\t<\/div>\n\t\t\t\t<\/div>\n\t\t\t\t\t<\/div>\n\t\t<\/div>\n\t\t\t\t\t<\/div>\n\t\t<\/section>\n\t\t\t\t<\/div>\n\t\t","protected":false},"excerpt":{"rendered":"<p>Caldo benvenuto Caro visitatore, piacere di darti il benvenuto sul mio sito web. Sono un grande amante della natura, i miei grandi hobby sono la mia famiglia, le Alpi e il nostro golden retriever Cory. Come sono arrivato a Reico Attraverso il nostro Golden Retriever Cory, si dice che la razza abbia sempre fame e [&hellip;]<\/p>\n","protected":false},"author":2,"featured_media":6145,"parent":0,"menu_order":0,"comment_status":"closed","ping_status":"closed","template":"","meta":{"footnotes":""},"class_list":["post-3725","page","type-page","status-publish","has-post-thumbnail","hentry"],"_links":{"self":[{"href":"https:\/\/www.chackenberger.de\/it\/wp-json\/wp\/v2\/pages\/3725","targetHints":{"allow":["GET"]}}],"collection":[{"href":"https:\/\/www.chackenberger.de\/it\/wp-json\/wp\/v2\/pages"}],"about":[{"href":"https:\/\/www.chackenberger.de\/it\/wp-json\/wp\/v2\/types\/page"}],"author":[{"embeddable":true,"href":"https:\/\/www.chackenberger.de\/it\/wp-json\/wp\/v2\/users\/2"}],"replies":[{"embeddable":true,"href":"https:\/\/www.chackenberger.de\/it\/wp-json\/wp\/v2\/comments?post=3725"}],"version-history":[{"count":4,"href":"https:\/\/www.chackenberger.de\/it\/wp-json\/wp\/v2\/pages\/3725\/revisions"}],"predecessor-version":[{"id":4653,"href":"https:\/\/www.chackenberger.de\/it\/wp-json\/wp\/v2\/pages\/3725\/revisions\/4653"}],"wp:featuredmedia":[{"embeddable":true,"href":"https:\/\/www.chackenberger.de\/it\/wp-json\/wp\/v2\/media\/6145"}],"wp:attachment":[{"href":"https:\/\/www.chackenberger.de\/it\/wp-json\/wp\/v2\/media?parent=3725"}],"curies":[{"name":"wp","href":"https:\/\/api.w.org\/{rel}","templated":true}]}}